{"id":1122,"date":"2024-11-17T16:22:43","date_gmt":"2024-11-17T17:22:43","guid":{"rendered":"https:\/\/turmhofer-pochwerksrad.de\/?page_id=1122"},"modified":"2024-11-17T17:55:04","modified_gmt":"2024-11-17T18:55:04","slug":"ag-pochwerksrad-mitgliedersuche","status":"publish","type":"page","link":"https:\/\/turmhofer-pochwerksrad.de\/?page_id=1122","title":{"rendered":"AG Pochwerksrad &#8211; Mitgliedersuche"},"content":{"rendered":"\t\t<div data-elementor-type=\"wp-page\" data-elementor-id=\"1122\" class=\"elementor elementor-1122\">\n\t\t\t\t\t\t<section class=\"elementor-section elementor-top-section elementor-element elementor-element-517fd19 elementor-section-boxed elementor-section-height-default elementor-section-height-default\" data-id=\"517fd19\" data-element_type=\"section\">\n\t\t\t\t\t\t<div class=\"elementor-container elementor-column-gap-default\">\n\t\t\t\t\t<div class=\"elementor-column elementor-col-50 elementor-top-column elementor-element elementor-element-9100621\" data-id=\"9100621\" data-element_type=\"column\">\n\t\t\t<div class=\"elementor-widget-wrap elementor-element-populated\">\n\t\t\t\t\t\t<div class=\"elementor-element elementor-element-4320478 elementor-widget elementor-widget-text-editor\" data-id=\"4320478\" data-element_type=\"widget\" data-widget_type=\"text-editor.default\">\n\t\t\t\t<div class=\"elementor-widget-container\">\n\t\t\t\t\t\t\t\t\t<p>Werde Mitglied unserer Arbeitsgruppe! F\u00fcr handwerklich und am Bergbau Interessierte bieten sich zahlreiche M\u00f6glichkeiten, um bei der Erhaltung dieses einmaligen historischen Denkmals mitzuwirken.<\/p><p>Die Arbeitsgruppe trifft sich jeden Mittwoch von 14:00 bis 16:00 Uhr zum Arbeitseinsatz (au\u00dfer November bis Februar). Wer berufst\u00e4tig ist, kann sich nach Absprache auch au\u00dferhalb dieses Termins bet\u00e4tigen.<\/p><p>Folgende Arbeiten fallen z. B. an:<\/p><ul><li>regelm\u00e4\u00dfige Wartung des Wasserrades (Zustandspr\u00fcfung, Schmierung, Bek\u00e4mpfung von Pilzbefall, Schlammbeseitigung in den R\u00f6schen, Holzbauarbeiten aller Art),<\/li><li>Arbeiten im Au\u00dfengel\u00e4nde (Gr\u00fcnlandpflege, Maurerarbeiten),<\/li><li>Teilnahme an G\u00e4stef\u00fchrungen oder eigenst\u00e4ndige Durchf\u00fchrung nach ausreichender Einarbeitung, F\u00fchrungen erfolgen in Absprache mit unseren G\u00e4sten auf Anforderung an Wochentagen oder Wochenenden sowie bei organisierten Schautagen (Tag des offenen Denkmals \/ Tag der Schauanlagen)<\/li><\/ul>\t\t\t\t\t\t\t\t<\/div>\n\t\t\t\t<\/div>\n\t\t\t\t<div class=\"elementor-element elementor-element-f40ff36 elementor-widget elementor-widget-text-editor\" data-id=\"f40ff36\" data-element_type=\"widget\" data-widget_type=\"text-editor.default\">\n\t\t\t\t<div class=\"elementor-widget-container\">\n\t\t\t\t\t\t\t\t\t<p>Nat\u00fcrlich kommt auch die Geselligkeit nicht zu kurz. Voraussetzung der Mitarbeit ist die Mitgliedschaft im F\u00f6rderverein Himmelfahrt Fundgrube e.V. Der Jahresbeitrag betr\u00e4gt z.Zt. 35,00 EUR\/Jahr.<\/p><p>F\u00fcr Eure Fragen erreicht Ihr uns \u00fcber:<\/p><section class=\"elementor-section elementor-top-section elementor-element elementor-element-eba2ec1 elementor-section-boxed elementor-section-height-default elementor-section-height-default\" data-id=\"eba2ec1\" data-element_type=\"section\"><div class=\"elementor-container elementor-column-gap-default\"><div class=\"elementor-column elementor-col-100 elementor-top-column elementor-element elementor-element-17dd8ff\" data-id=\"17dd8ff\" data-element_type=\"column\"><div class=\"elementor-widget-wrap elementor-element-populated\"><div class=\"elementor-element elementor-element-d06d4b3 elementor-widget elementor-widget-text-editor\" data-id=\"d06d4b3\" data-element_type=\"widget\" data-widget_type=\"text-editor.default\"><div class=\"elementor-widget-container\"><ul><li>Telefon:<ul><li>0162 2706643 (Gerthold Thalheim)<\/li><li>0172 8896254 (Stefan Thiem)<\/li><\/ul><\/li><li>kontakt@turmhofer-pochwerksrad.de<\/li><\/ul><\/div><\/div><\/div><\/div><\/div><\/section>\t\t\t\t\t\t\t\t<\/div>\n\t\t\t\t<\/div>\n\t\t\t\t\t<\/div>\n\t\t<\/div>\n\t\t\t\t<div class=\"elementor-column elementor-col-50 elementor-top-column elementor-element elementor-element-a15d999\" data-id=\"a15d999\" data-element_type=\"column\">\n\t\t\t<div class=\"elementor-widget-wrap elementor-element-populated\">\n\t\t\t\t\t\t<div class=\"elementor-element elementor-element-51fbd29 gallery-spacing-custom elementor-widget elementor-widget-image-gallery\" data-id=\"51fbd29\" data-element_type=\"widget\" data-widget_type=\"image-gallery.default\">\n\t\t\t\t<div class=\"elementor-widget-container\">\n\t\t\t\t\t\t\t<div class=\"elementor-image-gallery\">\n\t\t\t<div id='gallery-1' class='gallery galleryid-1122 gallery-columns-3 gallery-size-thumbnail'><figure class='gallery-item'>\n\t\t\t<div class='gallery-icon landscape'>\n\t\t\t\t<a data-elementor-open-lightbox=\"yes\" data-elementor-lightbox-slideshow=\"51fbd29\" data-elementor-lightbox-title=\"mitstreiter_gesucht\" data-e-action-hash=\"#elementor-action%3Aaction%3Dlightbox%26settings%3DeyJpZCI6MTA5NywidXJsIjoiaHR0cHM6XC9cL3R1cm1ob2Zlci1wb2Nod2Vya3NyYWQuZGVcL3dwLWNvbnRlbnRcL3VwbG9hZHNcLzIwMjRcLzExXC9taXRzdHJlaXRlcl9nZXN1Y2h0LTMwMHgyMjMtMS5naWYiLCJzbGlkZXNob3ciOiI1MWZiZDI5In0%3D\" href='https:\/\/turmhofer-pochwerksrad.de\/wp-content\/uploads\/2024\/11\/mitstreiter_gesucht-300x223-1.gif'><img decoding=\"async\" width=\"150\" height=\"150\" src=\"https:\/\/turmhofer-pochwerksrad.de\/wp-content\/uploads\/2024\/11\/mitstreiter_gesucht-300x223-1-150x150.gif\" class=\"attachment-thumbnail size-thumbnail\" alt=\"Mitstreiter gesucht\" \/><\/a>\n\t\t\t<\/div><\/figure><figure class='gallery-item'>\n\t\t\t<div class='gallery-icon landscape'>\n\t\t\t\t<a data-elementor-open-lightbox=\"yes\" data-elementor-lightbox-slideshow=\"51fbd29\" data-elementor-lightbox-title=\"bremgestaenge_01\" data-e-action-hash=\"#elementor-action%3Aaction%3Dlightbox%26settings%3DeyJpZCI6MTEwOCwidXJsIjoiaHR0cHM6XC9cL3R1cm1ob2Zlci1wb2Nod2Vya3NyYWQuZGVcL3dwLWNvbnRlbnRcL3VwbG9hZHNcLzIwMjRcLzExXC9icmVtZ2VzdGFlbmdlXzAxLmpwZyIsInNsaWRlc2hvdyI6IjUxZmJkMjkifQ%3D%3D\" href='https:\/\/turmhofer-pochwerksrad.de\/wp-content\/uploads\/2024\/11\/bremgestaenge_01.jpg'><img decoding=\"async\" width=\"150\" height=\"150\" src=\"https:\/\/turmhofer-pochwerksrad.de\/wp-content\/uploads\/2024\/11\/bremgestaenge_01-150x150.jpg\" class=\"attachment-thumbnail size-thumbnail\" alt=\"Bremsgest\u00e4nge\" aria-describedby=\"gallery-1-1108\" \/><\/a>\n\t\t\t<\/div>\n\t\t\t\t<figcaption class='wp-caption-text gallery-caption' id='gallery-1-1108'>\n\t\t\t\tAustausch des Bremsgest\u00e4nges (Westseite)\n\t\t\t\t<\/figcaption><\/figure><figure class='gallery-item'>\n\t\t\t<div class='gallery-icon portrait'>\n\t\t\t\t<a data-elementor-open-lightbox=\"yes\" data-elementor-lightbox-slideshow=\"51fbd29\" data-elementor-lightbox-title=\"2022-09-21_schutzdach02\" data-e-action-hash=\"#elementor-action%3Aaction%3Dlightbox%26settings%3DeyJpZCI6NDk3LCJ1cmwiOiJodHRwczpcL1wvdHVybWhvZmVyLXBvY2h3ZXJrc3JhZC5kZVwvd3AtY29udGVudFwvdXBsb2Fkc1wvMjAyMlwvMDlcLzIwMjItMDktMjFfc2NodXR6ZGFjaDAyLmpwZyIsInNsaWRlc2hvdyI6IjUxZmJkMjkifQ%3D%3D\" href='https:\/\/turmhofer-pochwerksrad.de\/wp-content\/uploads\/2022\/09\/2022-09-21_schutzdach02.jpg'><img decoding=\"async\" width=\"150\" height=\"150\" src=\"https:\/\/turmhofer-pochwerksrad.de\/wp-content\/uploads\/2022\/09\/2022-09-21_schutzdach02-150x150.jpg\" class=\"attachment-thumbnail size-thumbnail\" alt=\"Schutzdach Modell-Wasserrad\" \/><\/a>\n\t\t\t<\/div><\/figure><figure class='gallery-item'>\n\t\t\t<div class='gallery-icon landscape'>\n\t\t\t\t<a data-elementor-open-lightbox=\"yes\" data-elementor-lightbox-slideshow=\"51fbd29\" data-elementor-lightbox-title=\"wrad_anheben_03\" data-e-action-hash=\"#elementor-action%3Aaction%3Dlightbox%26settings%3DeyJpZCI6MjEzLCJ1cmwiOiJodHRwczpcL1wvdHVybWhvZmVyLXBvY2h3ZXJrc3JhZC5kZVwvd3AtY29udGVudFwvdXBsb2Fkc1wvMjAyMlwvMDdcL3dyYWRfYW5oZWJlbl8wMy5qcGciLCJzbGlkZXNob3ciOiI1MWZiZDI5In0%3D\" href='https:\/\/turmhofer-pochwerksrad.de\/wp-content\/uploads\/2022\/07\/wrad_anheben_03.jpg'><img loading=\"lazy\" decoding=\"async\" width=\"150\" height=\"150\" src=\"https:\/\/turmhofer-pochwerksrad.de\/wp-content\/uploads\/2022\/07\/wrad_anheben_03-150x150.jpg\" class=\"attachment-thumbnail size-thumbnail\" alt=\"Anheben Wassrrad\" \/><\/a>\n\t\t\t<\/div><\/figure><figure class='gallery-item'>\n\t\t\t<div class='gallery-icon landscape'>\n\t\t\t\t<a data-elementor-open-lightbox=\"yes\" data-elementor-lightbox-slideshow=\"51fbd29\" data-elementor-lightbox-title=\"lagerrraum_01\" data-e-action-hash=\"#elementor-action%3Aaction%3Dlightbox%26settings%3DeyJpZCI6MTEwNSwidXJsIjoiaHR0cHM6XC9cL3R1cm1ob2Zlci1wb2Nod2Vya3NyYWQuZGVcL3dwLWNvbnRlbnRcL3VwbG9hZHNcLzIwMjRcLzExXC9sYWdlcnJyYXVtXzAxLmpwZyIsInNsaWRlc2hvdyI6IjUxZmJkMjkifQ%3D%3D\" href='https:\/\/turmhofer-pochwerksrad.de\/wp-content\/uploads\/2024\/11\/lagerrraum_01.jpg'><img loading=\"lazy\" decoding=\"async\" width=\"150\" height=\"150\" src=\"https:\/\/turmhofer-pochwerksrad.de\/wp-content\/uploads\/2024\/11\/lagerrraum_01-150x150.jpg\" class=\"attachment-thumbnail size-thumbnail\" alt=\"Lagerraum\" aria-describedby=\"gallery-1-1105\" \/><\/a>\n\t\t\t<\/div>\n\t\t\t\t<figcaption class='wp-caption-text gallery-caption' id='gallery-1-1105'>\n\t\t\t\tVorrichten des neuen Lagerraumes\n\t\t\t\t<\/figcaption><\/figure><figure class='gallery-item'>\n\t\t\t<div class='gallery-icon landscape'>\n\t\t\t\t<a data-elementor-open-lightbox=\"yes\" data-elementor-lightbox-slideshow=\"51fbd29\" data-elementor-lightbox-title=\"bremgestaenge_02\" data-e-action-hash=\"#elementor-action%3Aaction%3Dlightbox%26settings%3DeyJpZCI6MTEwOSwidXJsIjoiaHR0cHM6XC9cL3R1cm1ob2Zlci1wb2Nod2Vya3NyYWQuZGVcL3dwLWNvbnRlbnRcL3VwbG9hZHNcLzIwMjRcLzExXC9icmVtZ2VzdGFlbmdlXzAyLmpwZyIsInNsaWRlc2hvdyI6IjUxZmJkMjkifQ%3D%3D\" href='https:\/\/turmhofer-pochwerksrad.de\/wp-content\/uploads\/2024\/11\/bremgestaenge_02.jpg'><img loading=\"lazy\" decoding=\"async\" width=\"150\" height=\"150\" src=\"https:\/\/turmhofer-pochwerksrad.de\/wp-content\/uploads\/2024\/11\/bremgestaenge_02-150x150.jpg\" class=\"attachment-thumbnail size-thumbnail\" alt=\"Bremsgest\u00e4nge\" aria-describedby=\"gallery-1-1109\" \/><\/a>\n\t\t\t<\/div>\n\t\t\t\t<figcaption class='wp-caption-text gallery-caption' id='gallery-1-1109'>\n\t\t\t\tAuswechslung des Bremsgest\u00e4nges (Ostseite)\n\t\t\t\t<\/figcaption><\/figure><figure class='gallery-item'>\n\t\t\t<div class='gallery-icon landscape'>\n\t\t\t\t<a data-elementor-open-lightbox=\"yes\" data-elementor-lightbox-slideshow=\"51fbd29\" data-elementor-lightbox-title=\"veputzen_01\" data-e-action-hash=\"#elementor-action%3Aaction%3Dlightbox%26settings%3DeyJpZCI6MTExMiwidXJsIjoiaHR0cHM6XC9cL3R1cm1ob2Zlci1wb2Nod2Vya3NyYWQuZGVcL3dwLWNvbnRlbnRcL3VwbG9hZHNcLzIwMjRcLzExXC92ZXB1dHplbl8wMS5qcGciLCJzbGlkZXNob3ciOiI1MWZiZDI5In0%3D\" href='https:\/\/turmhofer-pochwerksrad.de\/wp-content\/uploads\/2024\/11\/veputzen_01.jpg'><img loading=\"lazy\" decoding=\"async\" width=\"150\" height=\"150\" src=\"https:\/\/turmhofer-pochwerksrad.de\/wp-content\/uploads\/2024\/11\/veputzen_01-150x150.jpg\" class=\"attachment-thumbnail size-thumbnail\" alt=\"Verputzen\" \/><\/a>\n\t\t\t<\/div><\/figure><figure class='gallery-item'>\n\t\t\t<div class='gallery-icon portrait'>\n\t\t\t\t<a data-elementor-open-lightbox=\"yes\" data-elementor-lightbox-slideshow=\"51fbd29\" data-elementor-lightbox-title=\"2022-09-28_Schutzdach\" data-e-action-hash=\"#elementor-action%3Aaction%3Dlightbox%26settings%3DeyJpZCI6NjQ4LCJ1cmwiOiJodHRwczpcL1wvdHVybWhvZmVyLXBvY2h3ZXJrc3JhZC5kZVwvd3AtY29udGVudFwvdXBsb2Fkc1wvMjAyMlwvMTJcLzIwMjItMDktMjhfU2NodXR6ZGFjaC5qcGciLCJzbGlkZXNob3ciOiI1MWZiZDI5In0%3D\" href='https:\/\/turmhofer-pochwerksrad.de\/wp-content\/uploads\/2022\/12\/2022-09-28_Schutzdach.jpg'><img loading=\"lazy\" decoding=\"async\" width=\"150\" height=\"150\" src=\"https:\/\/turmhofer-pochwerksrad.de\/wp-content\/uploads\/2022\/12\/2022-09-28_Schutzdach-150x150.jpg\" class=\"attachment-thumbnail size-thumbnail\" alt=\"Wetterschutz\" \/><\/a>\n\t\t\t<\/div><\/figure><figure class='gallery-item'>\n\t\t\t<div class='gallery-icon landscape'>\n\t\t\t\t<a data-elementor-open-lightbox=\"yes\" data-elementor-lightbox-slideshow=\"51fbd29\" data-elementor-lightbox-title=\"welle_nord_02\" data-e-action-hash=\"#elementor-action%3Aaction%3Dlightbox%26settings%3DeyJpZCI6ODg3LCJ1cmwiOiJodHRwczpcL1wvdHVybWhvZmVyLXBvY2h3ZXJrc3JhZC5kZVwvd3AtY29udGVudFwvdXBsb2Fkc1wvMjAyM1wvMTBcL3dlbGxlX25vcmRfMDIuanBnIiwic2xpZGVzaG93IjoiNTFmYmQyOSJ9\" href='https:\/\/turmhofer-pochwerksrad.de\/wp-content\/uploads\/2023\/10\/welle_nord_02.jpg'><img loading=\"lazy\" decoding=\"async\" width=\"150\" height=\"150\" src=\"https:\/\/turmhofer-pochwerksrad.de\/wp-content\/uploads\/2023\/10\/welle_nord_02-150x150.jpg\" class=\"attachment-thumbnail size-thumbnail\" alt=\"Tragwerk\" aria-describedby=\"gallery-1-887\" \/><\/a>\n\t\t\t<\/div>\n\t\t\t\t<figcaption class='wp-caption-text gallery-caption' id='gallery-1-887'>\n\t\t\t\tEinbau des Tragwerkes unter Tage\n\t\t\t\t<\/figcaption><\/figure>\n\t\t<\/div>\n\t\t<\/div>\n\t\t\t\t\t\t<\/div>\n\t\t\t\t<\/div>\n\t\t\t\t\t<\/div>\n\t\t<\/div>\n\t\t\t\t\t<\/div>\n\t\t<\/section>\n\t\t\t\t<\/div>\n\t\t","protected":false},"excerpt":{"rendered":"<p>Werde Mitglied unserer Arbeitsgruppe! F\u00fcr handwerklich und am Bergbau Interessierte bieten sich zahlreiche M\u00f6glichkeiten, um bei der Erhaltung dieses einmaligen historischen Denkmals mitzuwirken. Die Arbeitsgruppe trifft sich jeden Mittwoch von 14:00 bis 16:00 Uhr zum Arbeitseinsatz (au\u00dfer November bis Februar). Wer berufst\u00e4tig ist, kann sich nach Absprache auch au\u00dferhalb dieses Termins bet\u00e4tigen. Folgende Arbeiten fallen [&hellip;]<\/p>\n","protected":false},"author":1,"featured_media":0,"parent":51,"menu_order":2,"comment_status":"closed","ping_status":"closed","template":"","meta":{"footnotes":""},"class_list":["post-1122","page","type-page","status-publish","hentry"],"aioseo_notices":[],"_links":{"self":[{"href":"https:\/\/turmhofer-pochwerksrad.de\/index.php?rest_route=\/wp\/v2\/pages\/1122","targetHints":{"allow":["GET"]}}],"collection":[{"href":"https:\/\/turmhofer-pochwerksrad.de\/index.php?rest_route=\/wp\/v2\/pages"}],"about":[{"href":"https:\/\/turmhofer-pochwerksrad.de\/index.php?rest_route=\/wp\/v2\/types\/page"}],"author":[{"embeddable":true,"href":"https:\/\/turmhofer-pochwerksrad.de\/index.php?rest_route=\/wp\/v2\/users\/1"}],"replies":[{"embeddable":true,"href":"https:\/\/turmhofer-pochwerksrad.de\/index.php?rest_route=%2Fwp%2Fv2%2Fcomments&post=1122"}],"version-history":[{"count":21,"href":"https:\/\/turmhofer-pochwerksrad.de\/index.php?rest_route=\/wp\/v2\/pages\/1122\/revisions"}],"predecessor-version":[{"id":1156,"href":"https:\/\/turmhofer-pochwerksrad.de\/index.php?rest_route=\/wp\/v2\/pages\/1122\/revisions\/1156"}],"up":[{"embeddable":true,"href":"https:\/\/turmhofer-pochwerksrad.de\/index.php?rest_route=\/wp\/v2\/pages\/51"}],"wp:attachment":[{"href":"https:\/\/turmhofer-pochwerksrad.de\/index.php?rest_route=%2Fwp%2Fv2%2Fmedia&parent=1122"}],"curies":[{"name":"wp","href":"https:\/\/api.w.org\/{rel}","templated":true}]}}