{"id":17,"date":"2022-07-29T18:22:41","date_gmt":"2022-07-29T19:22:41","guid":{"rendered":"http:\/\/127.0.0.1\/wordpress\/?page_id=17"},"modified":"2024-11-17T16:46:39","modified_gmt":"2024-11-17T17:46:39","slug":"ag-pochwerksrad","status":"publish","type":"page","link":"https:\/\/turmhofer-pochwerksrad.de\/?page_id=17","title":{"rendered":"AG Pochwerksrad"},"content":{"rendered":"\t\t<div data-elementor-type=\"wp-page\" data-elementor-id=\"17\" class=\"elementor elementor-17\">\n\t\t\t\t\t\t<section class=\"elementor-section elementor-top-section elementor-element elementor-element-517fd19 elementor-section-boxed elementor-section-height-default elementor-section-height-default\" data-id=\"517fd19\" data-element_type=\"section\">\n\t\t\t\t\t\t<div class=\"elementor-container elementor-column-gap-default\">\n\t\t\t\t\t<div class=\"elementor-column elementor-col-100 elementor-top-column elementor-element elementor-element-9100621\" data-id=\"9100621\" data-element_type=\"column\">\n\t\t\t<div class=\"elementor-widget-wrap elementor-element-populated\">\n\t\t\t\t\t\t<div class=\"elementor-element elementor-element-4320478 elementor-widget elementor-widget-text-editor\" data-id=\"4320478\" data-element_type=\"widget\" data-widget_type=\"text-editor.default\">\n\t\t\t\t<div class=\"elementor-widget-container\">\n\t\t\t\t\t\t\t\t\t<p>Die Arbeitsgemeinschaft AG Turmhofer Pochwerksrad wurde im Jahr 2014 von einer Gruppe von Altbergbau-Interressierten Rentnern gegr\u00fcndet. Sie besteht derzeit aus folgenden Mitgliedern:<\/p><ul><li>Gerthold Thalheim<\/li><li>Dr. Karl Heinz Eulenberger<\/li><li>Dr. Manfred Bayer<\/li><li>Dieter Illing<\/li><li>Andreas Benthin<\/li><li>Klaus Timmel<\/li><li>Stefan Thiem<\/li><li>Robby Gl\u00f6ckner<\/li><\/ul><p>Die Arbeitsgemeinschaft ist Mitglied im F\u00f6rderverein Himmelfahrt Fundgrube e.V.<\/p><p>Das Objekt &#8222;Turmhofer Pochwerksrad&#8220; wurde im Jahr 2016 von der Georg-Agricola-Gesellschaft f\u00fcr Technikgeschichte und Industriekultur e.V. mit dem Preis f\u00fcr Industriekultur ausgezeichnet. Damit wurde die Rettung des Wasserrades vor dem Verfall gew\u00fcrdigt. Im Jahr 2018 wurde die Arbeitgemeinschaft mit dem B\u00fcrgerpreis der Stadt Freiberg ausgezeichnet.<\/p>\t\t\t\t\t\t\t\t<\/div>\n\t\t\t\t<\/div>\n\t\t\t\t<div class=\"elementor-element elementor-element-ad45889 elementor-widget-divider--view-line elementor-widget elementor-widget-divider\" data-id=\"ad45889\" data-element_type=\"widget\" data-widget_type=\"divider.default\">\n\t\t\t\t<div class=\"elementor-widget-container\">\n\t\t\t\t\t\t\t<div class=\"elementor-divider\">\n\t\t\t<span class=\"elementor-divider-separator\">\n\t\t\t\t\t\t<\/span>\n\t\t<\/div>\n\t\t\t\t\t\t<\/div>\n\t\t\t\t<\/div>\n\t\t\t\t\t<\/div>\n\t\t<\/div>\n\t\t\t\t\t<\/div>\n\t\t<\/section>\n\t\t\t\t<section class=\"elementor-section elementor-top-section elementor-element elementor-element-691f87f elementor-section-boxed elementor-section-height-default elementor-section-height-default\" data-id=\"691f87f\" data-element_type=\"section\">\n\t\t\t\t\t\t<div class=\"elementor-container elementor-column-gap-default\">\n\t\t\t\t\t<div class=\"elementor-column elementor-col-50 elementor-top-column elementor-element elementor-element-e0d921b\" data-id=\"e0d921b\" data-element_type=\"column\">\n\t\t\t<div class=\"elementor-widget-wrap elementor-element-populated\">\n\t\t\t\t\t\t<div class=\"elementor-element elementor-element-248d3be elementor-widget elementor-widget-image\" data-id=\"248d3be\" data-element_type=\"widget\" data-widget_type=\"image.default\">\n\t\t\t\t<div class=\"elementor-widget-container\">\n\t\t\t\t\t\t\t\t\t\t\t\t\t\t\t<img fetchpriority=\"high\" decoding=\"async\" width=\"600\" height=\"450\" src=\"https:\/\/turmhofer-pochwerksrad.de\/wp-content\/uploads\/2024\/11\/gruppenfoto.jpg\" class=\"attachment-large size-large wp-image-1111\" alt=\"Gruppenfoto\" srcset=\"https:\/\/turmhofer-pochwerksrad.de\/wp-content\/uploads\/2024\/11\/gruppenfoto.jpg 600w, https:\/\/turmhofer-pochwerksrad.de\/wp-content\/uploads\/2024\/11\/gruppenfoto-300x225.jpg 300w\" sizes=\"(max-width: 600px) 100vw, 600px\" \/>\t\t\t\t\t\t\t\t\t\t\t\t\t\t\t<\/div>\n\t\t\t\t<\/div>\n\t\t\t\t\t<\/div>\n\t\t<\/div>\n\t\t\t\t<div class=\"elementor-column elementor-col-50 elementor-top-column elementor-element elementor-element-0f2041d\" data-id=\"0f2041d\" data-element_type=\"column\">\n\t\t\t<div class=\"elementor-widget-wrap elementor-element-populated\">\n\t\t\t\t\t\t<div class=\"elementor-element elementor-element-f6e97f2 elementor-widget elementor-widget-video\" data-id=\"f6e97f2\" data-element_type=\"widget\" data-settings=\"{&quot;youtube_url&quot;:&quot;https:\\\/\\\/youtu.be\\\/JkB6JJ4b6iQ&quot;,&quot;video_type&quot;:&quot;youtube&quot;,&quot;controls&quot;:&quot;yes&quot;}\" data-widget_type=\"video.default\">\n\t\t\t\t<div class=\"elementor-widget-container\">\n\t\t\t\t\t\t\t<div class=\"elementor-wrapper elementor-open-inline\">\n\t\t\t<div class=\"elementor-video\"><\/div>\t\t<\/div>\n\t\t\t\t\t\t<\/div>\n\t\t\t\t<\/div>\n\t\t\t\t<div class=\"elementor-element elementor-element-15d1462 elementor-widget elementor-widget-text-editor\" data-id=\"15d1462\" data-element_type=\"widget\" data-widget_type=\"text-editor.default\">\n\t\t\t\t<div class=\"elementor-widget-container\">\n\t\t\t\t\t\t\t\t\t<p>Vorstellung der AG Pochwerksrad anl\u00e4\u00dflich der Verleihung des B\u00fcrgerpreises der Stadt Freiberg 2018<\/p><p><em>Ver\u00f6ffentlichung mit freundlicher Genehmigung von avecfilm.de<\/em><\/p>\t\t\t\t\t\t\t\t<\/div>\n\t\t\t\t<\/div>\n\t\t\t\t\t<\/div>\n\t\t<\/div>\n\t\t\t\t\t<\/div>\n\t\t<\/section>\n\t\t\t\t<section class=\"elementor-section elementor-top-section elementor-element elementor-element-7dc5d60 elementor-section-content-bottom elementor-section-boxed elementor-section-height-default elementor-section-height-default\" data-id=\"7dc5d60\" data-element_type=\"section\">\n\t\t\t\t\t\t<div class=\"elementor-container elementor-column-gap-default\">\n\t\t\t\t\t<div class=\"elementor-column elementor-col-100 elementor-top-column elementor-element elementor-element-caae7a7\" data-id=\"caae7a7\" data-element_type=\"column\">\n\t\t\t<div class=\"elementor-widget-wrap elementor-element-populated\">\n\t\t\t\t\t\t<div class=\"elementor-element elementor-element-34f7df4 elementor-widget elementor-widget-text-editor\" data-id=\"34f7df4\" data-element_type=\"widget\" data-widget_type=\"text-editor.default\">\n\t\t\t\t<div class=\"elementor-widget-container\">\n\t\t\t\t\t\t\t\t\t<h6>Unsere Arbeit wird unterst\u00fctzt von:<\/h6>\t\t\t\t\t\t\t\t<\/div>\n\t\t\t\t<\/div>\n\t\t\t\t<section class=\"elementor-section elementor-inner-section elementor-element elementor-element-fd0b4c3 elementor-section-content-bottom elementor-section-boxed elementor-section-height-default elementor-section-height-default\" data-id=\"fd0b4c3\" data-element_type=\"section\">\n\t\t\t\t\t\t<div class=\"elementor-container elementor-column-gap-default\">\n\t\t\t\t\t<div class=\"elementor-column elementor-col-33 elementor-inner-column elementor-element elementor-element-45a3d31\" data-id=\"45a3d31\" data-element_type=\"column\">\n\t\t\t<div class=\"elementor-widget-wrap elementor-element-populated\">\n\t\t\t\t\t\t<div class=\"elementor-element elementor-element-f4cc912 elementor-widget elementor-widget-text-editor\" data-id=\"f4cc912\" data-element_type=\"widget\" data-widget_type=\"text-editor.default\">\n\t\t\t\t<div class=\"elementor-widget-container\">\n\t\t\t\t\t\t\t\t\t<p><a href=\"https:\/\/saxonia-freiberg-stiftung.de\" target=\"_blank\" rel=\"noopener\"><img decoding=\"async\" class=\"alignnone wp-image-147 \" src=\"https:\/\/turmhofer-pochwerksrad.de\/wp-content\/uploads\/2022\/07\/Logo_Saxonia.jpg\" alt=\"Saxonia Freiberg Stiftung\" width=\"92\" height=\"93\" \/><\/a><\/p><p>Saxonia Freiberg Stiftung,<\/p><p>Chemnitzer Stra\u00dfe 8, 09599 Freiberg<\/p>\t\t\t\t\t\t\t\t<\/div>\n\t\t\t\t<\/div>\n\t\t\t\t\t<\/div>\n\t\t<\/div>\n\t\t\t\t<div class=\"elementor-column elementor-col-33 elementor-inner-column elementor-element elementor-element-62a310a\" data-id=\"62a310a\" data-element_type=\"column\">\n\t\t\t<div class=\"elementor-widget-wrap elementor-element-populated\">\n\t\t\t\t\t\t<div class=\"elementor-element elementor-element-70c27f6 elementor-widget elementor-widget-text-editor\" data-id=\"70c27f6\" data-element_type=\"widget\" data-widget_type=\"text-editor.default\">\n\t\t\t\t<div class=\"elementor-widget-container\">\n\t\t\t\t\t\t\t\t\t<p><a href=\"https:\/\/montanregion-erzgebirge.de\" target=\"_blank\" rel=\"noopener\"><img decoding=\"async\" class=\"aligncenter wp-image-149 \" src=\"https:\/\/turmhofer-pochwerksrad.de\/wp-content\/uploads\/2022\/07\/Logo_Montanregion.jpg\" alt=\"Montanregion Erzgebirge\" width=\"80\" height=\"93\" \/><\/a>Montanregion<\/p><p>Erzgebirge \/ Kru\u0161noho\u0159\u00ed<\/p>\t\t\t\t\t\t\t\t<\/div>\n\t\t\t\t<\/div>\n\t\t\t\t\t<\/div>\n\t\t<\/div>\n\t\t\t\t<div class=\"elementor-column elementor-col-33 elementor-inner-column elementor-element elementor-element-ce657a9\" data-id=\"ce657a9\" data-element_type=\"column\">\n\t\t\t<div class=\"elementor-widget-wrap elementor-element-populated\">\n\t\t\t\t\t\t<div class=\"elementor-element elementor-element-f82c7e3 elementor-widget elementor-widget-image\" data-id=\"f82c7e3\" data-element_type=\"widget\" data-widget_type=\"image.default\">\n\t\t\t\t<div class=\"elementor-widget-container\">\n\t\t\t\t\t\t\t\t\t\t\t\t<figure class=\"wp-caption\">\n\t\t\t\t\t\t\t\t\t\t\t<a href=\"https:\/\/www.silberbergwerk-freiberg.de\/verein\/\" target=\"_blank\">\n\t\t\t\t\t\t\t<img loading=\"lazy\" decoding=\"async\" width=\"203\" height=\"50\" src=\"https:\/\/turmhofer-pochwerksrad.de\/wp-content\/uploads\/2022\/10\/Logo_hifafu.jpg\" class=\"attachment-full size-full wp-image-589\" alt=\"Logo Himmelfahrt Fundgrube\" \/>\t\t\t\t\t\t\t\t<\/a>\n\t\t\t\t\t\t\t\t\t\t\t<figcaption class=\"widget-image-caption wp-caption-text\"><\/figcaption>\n\t\t\t\t\t\t\t\t\t\t<\/figure>\n\t\t\t\t\t\t\t\t\t<\/div>\n\t\t\t\t<\/div>\n\t\t\t\t<div class=\"elementor-element elementor-element-151f634 elementor-widget elementor-widget-text-editor\" data-id=\"151f634\" data-element_type=\"widget\" data-widget_type=\"text-editor.default\">\n\t\t\t\t<div class=\"elementor-widget-container\">\n\t\t\t\t\t\t\t\t\t<p style=\"text-align: center;\">F\u00f6rderverein Himmelfahrt Fundgrube e.V.<\/p><p style=\"text-align: center;\">c\/o Saxonia Standortentwicklungs-<br \/>und -verwaltungsgesellschaft mbH<\/p><p style=\"text-align: center;\">Halsbr\u00fccker Stra\u00dfe 34, 09599 Freiberg<\/p>\t\t\t\t\t\t\t\t<\/div>\n\t\t\t\t<\/div>\n\t\t\t\t\t<\/div>\n\t\t<\/div>\n\t\t\t\t\t<\/div>\n\t\t<\/section>\n\t\t\t\t\t<\/div>\n\t\t<\/div>\n\t\t\t\t\t<\/div>\n\t\t<\/section>\n\t\t\t\t<\/div>\n\t\t","protected":false},"excerpt":{"rendered":"<p>Die Arbeitsgemeinschaft AG Turmhofer Pochwerksrad wurde im Jahr 2014 von einer Gruppe von Altbergbau-Interressierten Rentnern gegr\u00fcndet. Sie besteht derzeit aus folgenden Mitgliedern: Gerthold Thalheim Dr. Karl Heinz Eulenberger Dr. Manfred Bayer Dieter Illing Andreas Benthin Klaus Timmel Stefan Thiem Robby Gl\u00f6ckner Die Arbeitsgemeinschaft ist Mitglied im F\u00f6rderverein Himmelfahrt Fundgrube e.V. Das Objekt &#8222;Turmhofer Pochwerksrad&#8220; wurde [&hellip;]<\/p>\n","protected":false},"author":1,"featured_media":0,"parent":51,"menu_order":2,"comment_status":"closed","ping_status":"closed","template":"","meta":{"footnotes":""},"class_list":["post-17","page","type-page","status-publish","hentry"],"aioseo_notices":[],"_links":{"self":[{"href":"https:\/\/turmhofer-pochwerksrad.de\/index.php?rest_route=\/wp\/v2\/pages\/17","targetHints":{"allow":["GET"]}}],"collection":[{"href":"https:\/\/turmhofer-pochwerksrad.de\/index.php?rest_route=\/wp\/v2\/pages"}],"about":[{"href":"https:\/\/turmhofer-pochwerksrad.de\/index.php?rest_route=\/wp\/v2\/types\/page"}],"author":[{"embeddable":true,"href":"https:\/\/turmhofer-pochwerksrad.de\/index.php?rest_route=\/wp\/v2\/users\/1"}],"replies":[{"embeddable":true,"href":"https:\/\/turmhofer-pochwerksrad.de\/index.php?rest_route=%2Fwp%2Fv2%2Fcomments&post=17"}],"version-history":[{"count":82,"href":"https:\/\/turmhofer-pochwerksrad.de\/index.php?rest_route=\/wp\/v2\/pages\/17\/revisions"}],"predecessor-version":[{"id":1140,"href":"https:\/\/turmhofer-pochwerksrad.de\/index.php?rest_route=\/wp\/v2\/pages\/17\/revisions\/1140"}],"up":[{"embeddable":true,"href":"https:\/\/turmhofer-pochwerksrad.de\/index.php?rest_route=\/wp\/v2\/pages\/51"}],"wp:attachment":[{"href":"https:\/\/turmhofer-pochwerksrad.de\/index.php?rest_route=%2Fwp%2Fv2%2Fmedia&parent=17"}],"curies":[{"name":"wp","href":"https:\/\/api.w.org\/{rel}","templated":true}]}}