{"id":22,"date":"2022-07-29T18:25:23","date_gmt":"2022-07-29T19:25:23","guid":{"rendered":"http:\/\/127.0.0.1\/wordpress\/?page_id=22"},"modified":"2023-12-25T19:41:11","modified_gmt":"2023-12-25T20:41:11","slug":"fotogalerie","status":"publish","type":"page","link":"https:\/\/turmhofer-pochwerksrad.de\/?page_id=22","title":{"rendered":"Fotogalerie"},"content":{"rendered":"\t\t<div data-elementor-type=\"wp-page\" data-elementor-id=\"22\" class=\"elementor elementor-22\">\n\t\t\t\t\t\t<section class=\"elementor-section elementor-top-section elementor-element elementor-element-5f2891a elementor-section-boxed elementor-section-height-default elementor-section-height-default\" data-id=\"5f2891a\" data-element_type=\"section\">\n\t\t\t\t\t\t<div class=\"elementor-container elementor-column-gap-default\">\n\t\t\t\t\t<div class=\"elementor-column elementor-col-50 elementor-top-column elementor-element elementor-element-dea3483\" data-id=\"dea3483\" data-element_type=\"column\">\n\t\t\t<div class=\"elementor-widget-wrap elementor-element-populated\">\n\t\t\t\t\t\t<div class=\"elementor-element elementor-element-ab2b046 elementor-widget elementor-widget-image\" data-id=\"ab2b046\" data-element_type=\"widget\" data-widget_type=\"image.default\">\n\t\t\t\t<div class=\"elementor-widget-container\">\n\t\t\t\t\t\t\t\t\t\t\t\t<figure class=\"wp-caption\">\n\t\t\t\t\t\t\t\t\t\t<img fetchpriority=\"high\" decoding=\"async\" width=\"800\" height=\"703\" src=\"https:\/\/turmhofer-pochwerksrad.de\/wp-content\/uploads\/2023\/03\/modell_2021.jpg\" class=\"attachment-large size-large wp-image-734\" alt=\"\" srcset=\"https:\/\/turmhofer-pochwerksrad.de\/wp-content\/uploads\/2023\/03\/modell_2021.jpg 1024w, https:\/\/turmhofer-pochwerksrad.de\/wp-content\/uploads\/2023\/03\/modell_2021-300x264.jpg 300w, https:\/\/turmhofer-pochwerksrad.de\/wp-content\/uploads\/2023\/03\/modell_2021-768x675.jpg 768w\" sizes=\"(max-width: 800px) 100vw, 800px\" \/>\t\t\t\t\t\t\t\t\t\t\t<figcaption class=\"widget-image-caption wp-caption-text\">Modellwasserrad  aus der Reichen Zeche vor Einbau<\/figcaption>\n\t\t\t\t\t\t\t\t\t\t<\/figure>\n\t\t\t\t\t\t\t\t\t<\/div>\n\t\t\t\t<\/div>\n\t\t\t\t\t<\/div>\n\t\t<\/div>\n\t\t\t\t<div class=\"elementor-column elementor-col-50 elementor-top-column elementor-element elementor-element-dac19e8\" data-id=\"dac19e8\" data-element_type=\"column\">\n\t\t\t<div class=\"elementor-widget-wrap elementor-element-populated\">\n\t\t\t\t\t\t<div class=\"elementor-element elementor-element-54e935e elementor-widget elementor-widget-image\" data-id=\"54e935e\" data-element_type=\"widget\" data-widget_type=\"image.default\">\n\t\t\t\t<div class=\"elementor-widget-container\">\n\t\t\t\t\t\t\t\t\t\t\t\t<figure class=\"wp-caption\">\n\t\t\t\t\t\t\t\t\t\t<img decoding=\"async\" width=\"800\" height=\"348\" src=\"https:\/\/turmhofer-pochwerksrad.de\/wp-content\/uploads\/2023\/03\/modell_2022-1024x446.jpg\" class=\"attachment-large size-large wp-image-735\" alt=\"\" srcset=\"https:\/\/turmhofer-pochwerksrad.de\/wp-content\/uploads\/2023\/03\/modell_2022-1024x446.jpg 1024w, https:\/\/turmhofer-pochwerksrad.de\/wp-content\/uploads\/2023\/03\/modell_2022-300x131.jpg 300w, https:\/\/turmhofer-pochwerksrad.de\/wp-content\/uploads\/2023\/03\/modell_2022-768x335.jpg 768w, https:\/\/turmhofer-pochwerksrad.de\/wp-content\/uploads\/2023\/03\/modell_2022-1536x669.jpg 1536w, https:\/\/turmhofer-pochwerksrad.de\/wp-content\/uploads\/2023\/03\/modell_2022.jpg 1600w\" sizes=\"(max-width: 800px) 100vw, 800px\" \/>\t\t\t\t\t\t\t\t\t\t\t<figcaption class=\"widget-image-caption wp-caption-text\">Modellwasserrad auf der Halde vor dem Pochwerksgeb\u00e4ude<\/figcaption>\n\t\t\t\t\t\t\t\t\t\t<\/figure>\n\t\t\t\t\t\t\t\t\t<\/div>\n\t\t\t\t<\/div>\n\t\t\t\t\t<\/div>\n\t\t<\/div>\n\t\t\t\t\t<\/div>\n\t\t<\/section>\n\t\t\t\t<section class=\"elementor-section elementor-top-section elementor-element elementor-element-57afe92 elementor-section-boxed elementor-section-height-default elementor-section-height-default\" data-id=\"57afe92\" data-element_type=\"section\">\n\t\t\t\t\t\t<div class=\"elementor-container elementor-column-gap-default\">\n\t\t\t\t\t<div class=\"elementor-column elementor-col-50 elementor-top-column elementor-element elementor-element-b8a8aa4\" data-id=\"b8a8aa4\" data-element_type=\"column\">\n\t\t\t<div class=\"elementor-widget-wrap elementor-element-populated\">\n\t\t\t\t\t\t<div class=\"elementor-element elementor-element-084425a elementor-widget elementor-widget-image\" data-id=\"084425a\" data-element_type=\"widget\" data-widget_type=\"image.default\">\n\t\t\t\t<div class=\"elementor-widget-container\">\n\t\t\t\t\t\t\t\t\t\t\t\t<figure class=\"wp-caption\">\n\t\t\t\t\t\t\t\t\t\t<img decoding=\"async\" width=\"580\" height=\"327\" src=\"https:\/\/turmhofer-pochwerksrad.de\/wp-content\/uploads\/2022\/07\/Eingang-1.jpg\" class=\"attachment-large size-large wp-image-191\" alt=\"Geb\u00e4udeansicht 2014\" srcset=\"https:\/\/turmhofer-pochwerksrad.de\/wp-content\/uploads\/2022\/07\/Eingang-1.jpg 580w, https:\/\/turmhofer-pochwerksrad.de\/wp-content\/uploads\/2022\/07\/Eingang-1-300x169.jpg 300w\" sizes=\"(max-width: 580px) 100vw, 580px\" \/>\t\t\t\t\t\t\t\t\t\t\t<figcaption class=\"widget-image-caption wp-caption-text\">Geb\u00e4udeansicht 2014<\/figcaption>\n\t\t\t\t\t\t\t\t\t\t<\/figure>\n\t\t\t\t\t\t\t\t\t<\/div>\n\t\t\t\t<\/div>\n\t\t\t\t\t<\/div>\n\t\t<\/div>\n\t\t\t\t<div class=\"elementor-column elementor-col-50 elementor-top-column elementor-element elementor-element-381564b\" data-id=\"381564b\" data-element_type=\"column\">\n\t\t\t<div class=\"elementor-widget-wrap elementor-element-populated\">\n\t\t\t\t\t\t<div class=\"elementor-element elementor-element-54cc015 elementor-widget elementor-widget-image\" data-id=\"54cc015\" data-element_type=\"widget\" data-widget_type=\"image.default\">\n\t\t\t\t<div class=\"elementor-widget-container\">\n\t\t\t\t\t\t\t\t\t\t\t\t<figure class=\"wp-caption\">\n\t\t\t\t\t\t\t\t\t\t<img loading=\"lazy\" decoding=\"async\" width=\"580\" height=\"327\" src=\"https:\/\/turmhofer-pochwerksrad.de\/wp-content\/uploads\/2023\/10\/Eingang-3.jpg\" class=\"attachment-large size-large wp-image-873\" alt=\"\" srcset=\"https:\/\/turmhofer-pochwerksrad.de\/wp-content\/uploads\/2023\/10\/Eingang-3.jpg 580w, https:\/\/turmhofer-pochwerksrad.de\/wp-content\/uploads\/2023\/10\/Eingang-3-300x169.jpg 300w\" sizes=\"(max-width: 580px) 100vw, 580px\" \/>\t\t\t\t\t\t\t\t\t\t\t<figcaption class=\"widget-image-caption wp-caption-text\">Geb\u00e4udeansicht 2022<\/figcaption>\n\t\t\t\t\t\t\t\t\t\t<\/figure>\n\t\t\t\t\t\t\t\t\t<\/div>\n\t\t\t\t<\/div>\n\t\t\t\t\t<\/div>\n\t\t<\/div>\n\t\t\t\t\t<\/div>\n\t\t<\/section>\n\t\t\t\t<section class=\"elementor-section elementor-top-section elementor-element elementor-element-2087af6 elementor-section-boxed elementor-section-height-default elementor-section-height-default\" data-id=\"2087af6\" data-element_type=\"section\">\n\t\t\t\t\t\t<div class=\"elementor-container elementor-column-gap-default\">\n\t\t\t\t\t<div class=\"elementor-column elementor-col-50 elementor-top-column elementor-element elementor-element-e07ed81\" data-id=\"e07ed81\" data-element_type=\"column\">\n\t\t\t<div class=\"elementor-widget-wrap elementor-element-populated\">\n\t\t\t\t\t\t<div class=\"elementor-element elementor-element-08703ff elementor-widget elementor-widget-image\" data-id=\"08703ff\" data-element_type=\"widget\" data-widget_type=\"image.default\">\n\t\t\t\t<div class=\"elementor-widget-container\">\n\t\t\t\t\t\t\t\t\t\t\t\t<figure class=\"wp-caption\">\n\t\t\t\t\t\t\t\t\t\t<img loading=\"lazy\" decoding=\"async\" width=\"580\" height=\"387\" src=\"https:\/\/turmhofer-pochwerksrad.de\/wp-content\/uploads\/2022\/07\/Besucherraum1.jpg\" class=\"attachment-large size-large wp-image-188\" alt=\"Kaue 2014\" srcset=\"https:\/\/turmhofer-pochwerksrad.de\/wp-content\/uploads\/2022\/07\/Besucherraum1.jpg 580w, https:\/\/turmhofer-pochwerksrad.de\/wp-content\/uploads\/2022\/07\/Besucherraum1-300x200.jpg 300w\" sizes=\"(max-width: 580px) 100vw, 580px\" \/>\t\t\t\t\t\t\t\t\t\t\t<figcaption class=\"widget-image-caption wp-caption-text\">Besucherraum 2014<\/figcaption>\n\t\t\t\t\t\t\t\t\t\t<\/figure>\n\t\t\t\t\t\t\t\t\t<\/div>\n\t\t\t\t<\/div>\n\t\t\t\t\t<\/div>\n\t\t<\/div>\n\t\t\t\t<div class=\"elementor-column elementor-col-50 elementor-top-column elementor-element elementor-element-126c90f\" data-id=\"126c90f\" data-element_type=\"column\">\n\t\t\t<div class=\"elementor-widget-wrap elementor-element-populated\">\n\t\t\t\t\t\t<div class=\"elementor-element elementor-element-0d70a87 elementor-widget elementor-widget-image\" data-id=\"0d70a87\" data-element_type=\"widget\" data-widget_type=\"image.default\">\n\t\t\t\t<div class=\"elementor-widget-container\">\n\t\t\t\t\t\t\t\t\t\t\t\t<figure class=\"wp-caption\">\n\t\t\t\t\t\t\t\t\t\t<img loading=\"lazy\" decoding=\"async\" width=\"580\" height=\"387\" src=\"https:\/\/turmhofer-pochwerksrad.de\/wp-content\/uploads\/2022\/07\/Besucherraum3.jpg\" class=\"attachment-large size-large wp-image-190\" alt=\"Ansicht Besucherraum 2022\" srcset=\"https:\/\/turmhofer-pochwerksrad.de\/wp-content\/uploads\/2022\/07\/Besucherraum3.jpg 580w, https:\/\/turmhofer-pochwerksrad.de\/wp-content\/uploads\/2022\/07\/Besucherraum3-300x200.jpg 300w\" sizes=\"(max-width: 580px) 100vw, 580px\" \/>\t\t\t\t\t\t\t\t\t\t\t<figcaption class=\"widget-image-caption wp-caption-text\">Besucherraum 2022<\/figcaption>\n\t\t\t\t\t\t\t\t\t\t<\/figure>\n\t\t\t\t\t\t\t\t\t<\/div>\n\t\t\t\t<\/div>\n\t\t\t\t\t<\/div>\n\t\t<\/div>\n\t\t\t\t\t<\/div>\n\t\t<\/section>\n\t\t\t\t<section class=\"elementor-section elementor-top-section elementor-element elementor-element-246971d elementor-section-boxed elementor-section-height-default elementor-section-height-default\" data-id=\"246971d\" data-element_type=\"section\">\n\t\t\t\t\t\t<div class=\"elementor-container elementor-column-gap-default\">\n\t\t\t\t\t<div class=\"elementor-column elementor-col-50 elementor-top-column elementor-element elementor-element-6e845f1\" data-id=\"6e845f1\" data-element_type=\"column\">\n\t\t\t<div class=\"elementor-widget-wrap elementor-element-populated\">\n\t\t\t\t\t\t<div class=\"elementor-element elementor-element-3310566 elementor-widget elementor-widget-image\" data-id=\"3310566\" data-element_type=\"widget\" data-widget_type=\"image.default\">\n\t\t\t\t<div class=\"elementor-widget-container\">\n\t\t\t\t\t\t\t\t\t\t\t\t<figure class=\"wp-caption\">\n\t\t\t\t\t\t\t\t\t\t<img loading=\"lazy\" decoding=\"async\" width=\"580\" height=\"387\" src=\"https:\/\/turmhofer-pochwerksrad.de\/wp-content\/uploads\/2022\/07\/Steigerstube-1.jpg\" class=\"attachment-large size-large wp-image-195\" alt=\"Ansicht Besucherraum 2014\" srcset=\"https:\/\/turmhofer-pochwerksrad.de\/wp-content\/uploads\/2022\/07\/Steigerstube-1.jpg 580w, https:\/\/turmhofer-pochwerksrad.de\/wp-content\/uploads\/2022\/07\/Steigerstube-1-300x200.jpg 300w\" sizes=\"(max-width: 580px) 100vw, 580px\" \/>\t\t\t\t\t\t\t\t\t\t\t<figcaption class=\"widget-image-caption wp-caption-text\">Steigerstube 2014<\/figcaption>\n\t\t\t\t\t\t\t\t\t\t<\/figure>\n\t\t\t\t\t\t\t\t\t<\/div>\n\t\t\t\t<\/div>\n\t\t\t\t\t<\/div>\n\t\t<\/div>\n\t\t\t\t<div class=\"elementor-column elementor-col-50 elementor-top-column elementor-element elementor-element-4ff93bd\" data-id=\"4ff93bd\" data-element_type=\"column\">\n\t\t\t<div class=\"elementor-widget-wrap elementor-element-populated\">\n\t\t\t\t\t\t<div class=\"elementor-element elementor-element-0d8c5b9 elementor-widget elementor-widget-image\" data-id=\"0d8c5b9\" data-element_type=\"widget\" data-widget_type=\"image.default\">\n\t\t\t\t<div class=\"elementor-widget-container\">\n\t\t\t\t\t\t\t\t\t\t\t\t<figure class=\"wp-caption\">\n\t\t\t\t\t\t\t\t\t\t<img loading=\"lazy\" decoding=\"async\" width=\"580\" height=\"387\" src=\"https:\/\/turmhofer-pochwerksrad.de\/wp-content\/uploads\/2022\/07\/Steigerstube-2.jpg\" class=\"attachment-large size-large wp-image-187\" alt=\"Kaue 2022\" srcset=\"https:\/\/turmhofer-pochwerksrad.de\/wp-content\/uploads\/2022\/07\/Steigerstube-2.jpg 580w, https:\/\/turmhofer-pochwerksrad.de\/wp-content\/uploads\/2022\/07\/Steigerstube-2-300x200.jpg 300w\" sizes=\"(max-width: 580px) 100vw, 580px\" \/>\t\t\t\t\t\t\t\t\t\t\t<figcaption class=\"widget-image-caption wp-caption-text\">Steigerstube 2022<\/figcaption>\n\t\t\t\t\t\t\t\t\t\t<\/figure>\n\t\t\t\t\t\t\t\t\t<\/div>\n\t\t\t\t<\/div>\n\t\t\t\t\t<\/div>\n\t\t<\/div>\n\t\t\t\t\t<\/div>\n\t\t<\/section>\n\t\t\t\t<section class=\"elementor-section elementor-top-section elementor-element elementor-element-0f7d336 elementor-section-boxed elementor-section-height-default elementor-section-height-default\" data-id=\"0f7d336\" data-element_type=\"section\">\n\t\t\t\t\t\t<div class=\"elementor-container elementor-column-gap-default\">\n\t\t\t\t\t<div class=\"elementor-column elementor-col-50 elementor-top-column elementor-element elementor-element-0fe8fc8\" data-id=\"0fe8fc8\" data-element_type=\"column\">\n\t\t\t<div class=\"elementor-widget-wrap elementor-element-populated\">\n\t\t\t\t\t\t<div class=\"elementor-element elementor-element-b0e8580 elementor-widget elementor-widget-image\" data-id=\"b0e8580\" data-element_type=\"widget\" data-widget_type=\"image.default\">\n\t\t\t\t<div class=\"elementor-widget-container\">\n\t\t\t\t\t\t\t\t\t\t\t\t<figure class=\"wp-caption\">\n\t\t\t\t\t\t\t\t\t\t<img loading=\"lazy\" decoding=\"async\" width=\"580\" height=\"387\" src=\"https:\/\/turmhofer-pochwerksrad.de\/wp-content\/uploads\/2022\/07\/Schuppen-01.jpg\" class=\"attachment-large size-large wp-image-193\" alt=\"Ansicht Schuppen 2014\" srcset=\"https:\/\/turmhofer-pochwerksrad.de\/wp-content\/uploads\/2022\/07\/Schuppen-01.jpg 580w, https:\/\/turmhofer-pochwerksrad.de\/wp-content\/uploads\/2022\/07\/Schuppen-01-300x200.jpg 300w\" sizes=\"(max-width: 580px) 100vw, 580px\" \/>\t\t\t\t\t\t\t\t\t\t\t<figcaption class=\"widget-image-caption wp-caption-text\">Schuppen 2014<\/figcaption>\n\t\t\t\t\t\t\t\t\t\t<\/figure>\n\t\t\t\t\t\t\t\t\t<\/div>\n\t\t\t\t<\/div>\n\t\t\t\t\t<\/div>\n\t\t<\/div>\n\t\t\t\t<div class=\"elementor-column elementor-col-50 elementor-top-column elementor-element elementor-element-dbbbf56\" data-id=\"dbbbf56\" data-element_type=\"column\">\n\t\t\t<div class=\"elementor-widget-wrap elementor-element-populated\">\n\t\t\t\t\t\t<div class=\"elementor-element elementor-element-2c122e6 elementor-widget elementor-widget-image\" data-id=\"2c122e6\" data-element_type=\"widget\" data-widget_type=\"image.default\">\n\t\t\t\t<div class=\"elementor-widget-container\">\n\t\t\t\t\t\t\t\t\t\t\t\t<figure class=\"wp-caption\">\n\t\t\t\t\t\t\t\t\t\t<img loading=\"lazy\" decoding=\"async\" width=\"580\" height=\"387\" src=\"https:\/\/turmhofer-pochwerksrad.de\/wp-content\/uploads\/2022\/07\/Schuppen-02.jpg\" class=\"attachment-large size-large wp-image-194\" alt=\"Ansicht Schuppen 2022\" srcset=\"https:\/\/turmhofer-pochwerksrad.de\/wp-content\/uploads\/2022\/07\/Schuppen-02.jpg 580w, https:\/\/turmhofer-pochwerksrad.de\/wp-content\/uploads\/2022\/07\/Schuppen-02-300x200.jpg 300w\" sizes=\"(max-width: 580px) 100vw, 580px\" \/>\t\t\t\t\t\t\t\t\t\t\t<figcaption class=\"widget-image-caption wp-caption-text\">Schuppen 2022<\/figcaption>\n\t\t\t\t\t\t\t\t\t\t<\/figure>\n\t\t\t\t\t\t\t\t\t<\/div>\n\t\t\t\t<\/div>\n\t\t\t\t\t<\/div>\n\t\t<\/div>\n\t\t\t\t\t<\/div>\n\t\t<\/section>\n\t\t\t\t<\/div>\n\t\t","protected":false},"excerpt":{"rendered":"<p>Modellwasserrad aus der Reichen Zeche vor Einbau Modellwasserrad auf der Halde vor dem Pochwerksgeb\u00e4ude Geb\u00e4udeansicht 2014 Geb\u00e4udeansicht 2022 Besucherraum 2014 Besucherraum 2022 Steigerstube 2014 Steigerstube 2022 Schuppen 2014 Schuppen 2022<\/p>\n","protected":false},"author":1,"featured_media":0,"parent":0,"menu_order":0,"comment_status":"closed","ping_status":"closed","template":"","meta":{"footnotes":""},"class_list":["post-22","page","type-page","status-publish","hentry"],"aioseo_notices":[],"_links":{"self":[{"href":"https:\/\/turmhofer-pochwerksrad.de\/index.php?rest_route=\/wp\/v2\/pages\/22","targetHints":{"allow":["GET"]}}],"collection":[{"href":"https:\/\/turmhofer-pochwerksrad.de\/index.php?rest_route=\/wp\/v2\/pages"}],"about":[{"href":"https:\/\/turmhofer-pochwerksrad.de\/index.php?rest_route=\/wp\/v2\/types\/page"}],"author":[{"embeddable":true,"href":"https:\/\/turmhofer-pochwerksrad.de\/index.php?rest_route=\/wp\/v2\/users\/1"}],"replies":[{"embeddable":true,"href":"https:\/\/turmhofer-pochwerksrad.de\/index.php?rest_route=%2Fwp%2Fv2%2Fcomments&post=22"}],"version-history":[{"count":16,"href":"https:\/\/turmhofer-pochwerksrad.de\/index.php?rest_route=\/wp\/v2\/pages\/22\/revisions"}],"predecessor-version":[{"id":877,"href":"https:\/\/turmhofer-pochwerksrad.de\/index.php?rest_route=\/wp\/v2\/pages\/22\/revisions\/877"}],"wp:attachment":[{"href":"https:\/\/turmhofer-pochwerksrad.de\/index.php?rest_route=%2Fwp%2Fv2%2Fmedia&parent=22"}],"curies":[{"name":"wp","href":"https:\/\/api.w.org\/{rel}","templated":true}]}}